{"id":324,"date":"2014-06-03T14:18:49","date_gmt":"2014-06-03T12:18:49","guid":{"rendered":"https:\/\/hulsmanfoundation.org\/?page_id=324"},"modified":"2014-06-03T14:18:49","modified_gmt":"2014-06-03T12:18:49","slug":"bpv-paul","status":"publish","type":"page","link":"https:\/\/hulsmanfoundation.org\/nl\/bpv-paul\/","title":{"rendered":"BPV Paul"},"content":{"rendered":"<h2>Burgerlijk Proces Verbaal, opgenomen op zaterdag 3 april 2004 te Dordrecht, van Paul<\/h2>\n<p>Op vrijdag 2 april 2004 stond Peter de voorgevel van het Koetshuis te verven. Wij kwamen net terug van het stadskantoor en hoorden dat twee vrouwelijke fietsagenten Peter in overtreding vonden voor het verven van dat pand. Pieter en ik waren bij de overbuurvrouw een stoel aan het halen. Ik kwam met het kussen buiten en zag twee mannelijke politieagenten in de richting van Peter lopen. Ik riep naar Peter \u2018Pas op, de kankerpolitie komt eraan\u2019. Hij rende snel naar binnen. De twee agenten renden achter mij aan. Ik ging snel bij Elfhuizen 16 naar binnen en sloeg de deur voor hun neus dicht. De politie heeft toen niet aangeklopt en ook niet gevraagd om naar binnen te mogen. Ik heb me daar niet verder druk over gemaakt. Ik ben muziek gaan luisteren. Plotseling kwam Paula naar boven rennen, ze zei \u2018de politie is binnen, ze hebben de deur opengebroken\u2019. Wij hebben ons uitgekleed en zijn snel in bed gaan liggen. De politie kwam onze slaapkamer binnen door een trap tegen de deur te geven, die gewoon open was. We hebben een bedstee met gordijn, het gordijn hebben ze eraf gescheurd. Er waren drie mannelijke agenten in onze kamer. Ik schat dat er bij de hele actie acht agenten betrokken waren. Wij moesten ons onder toezicht aankleden. Er kwam later wel een vrouwelijke agent voor Paula, maar de mannelijke agenten verlieten de kamer niet. De vrouwelijke agente wist niet waar het omging, ze had orders gehad. Op een gegeven moment keek ik uit het slaapkamerraam en zag allemaal bewoners op hun knie\u00ebn zitten. Ik vroeg aan de agenten beneden of dit een razzia was. De agenten beneden zeiden dat ze mij zochten. Ik werd in de boeien geslagen, ik moest op mijn blote voeten mee. Bij de deur lag glas van het raam dat ze kapot hadden geslagen, ze tilden me eroverheen. Ik werd hardhandig in het politiebusje gezet. Van de trap naar beneden kon ik niet normaal lopen, ik werd meegesleept. In het politiebusje hadden de agenten veel commentaar op onze manier van leven in het kraakpand. In de cel zeiden ze \u2018je stinkt\u2019 en ze zeiden dat ze de handboeien zouden moeten ontsmetten. Ze hadden handschoenen aan. Ik ben \u00e9\u00e9n \u00e0 twee uur op het politiebureau geweest. Eerst werd ik in de cel gezet en gefouilleerd. Toen kwam iemand tegen mij zeggen dat op het beledigen van een ambtenaar in functie 220,00 euro boete stond of ik die gelijk kon betalen. Dat kon ik niet. Ze hebben me verhoord, ik heb die verklaring gelezen en ondertekend. Daarna hebben ze me nog twee minuten in de cel gezet en lieten me toen gaan. De mensen die mij verhoord hebben hadden eerst verklaringen van agenten die bij de actie waren, opgenomen. Geen van de agenten heeft zich met naam of functie aan mij voorgesteld. Ik kreeg een dagvaarding mee naar huis. Daarna kon ik weg, op mijn blote voeten.<\/p>\n<p>Dordrecht 3 april 2004,<\/p>\n<p>Paul<\/p>\n","protected":false},"excerpt":{"rendered":"<p>Burgerlijk Proces Verbaal, opgenomen op zaterdag 3 april 2004 te Dordrecht, van Paul Op vrijdag 2 april 2004 stond Peter de voorgevel van het Koetshuis te verven. Wij kwamen net terug van het stadskantoor en hoorden dat twee vrouwelijke fietsagenten [&hellip;]<\/p>\n","protected":false},"author":3,"featured_media":0,"parent":0,"menu_order":0,"comment_status":"open","ping_status":"open","template":"","meta":{"footnotes":""},"class_list":["post-324","page","type-page","status-publish","hentry"],"_links":{"self":[{"href":"https:\/\/hulsmanfoundation.org\/nl\/wp-json\/wp\/v2\/pages\/324","targetHints":{"allow":["GET"]}}],"collection":[{"href":"https:\/\/hulsmanfoundation.org\/nl\/wp-json\/wp\/v2\/pages"}],"about":[{"href":"https:\/\/hulsmanfoundation.org\/nl\/wp-json\/wp\/v2\/types\/page"}],"author":[{"embeddable":true,"href":"https:\/\/hulsmanfoundation.org\/nl\/wp-json\/wp\/v2\/users\/3"}],"replies":[{"embeddable":true,"href":"https:\/\/hulsmanfoundation.org\/nl\/wp-json\/wp\/v2\/comments?post=324"}],"version-history":[{"count":1,"href":"https:\/\/hulsmanfoundation.org\/nl\/wp-json\/wp\/v2\/pages\/324\/revisions"}],"predecessor-version":[{"id":325,"href":"https:\/\/hulsmanfoundation.org\/nl\/wp-json\/wp\/v2\/pages\/324\/revisions\/325"}],"wp:attachment":[{"href":"https:\/\/hulsmanfoundation.org\/nl\/wp-json\/wp\/v2\/media?parent=324"}],"curies":[{"name":"wp","href":"https:\/\/api.w.org\/{rel}","templated":true}]}}