{"id":470,"date":"2014-07-03T15:43:37","date_gmt":"2014-07-03T13:43:37","guid":{"rendered":"https:\/\/hulsmanfoundation.org\/?page_id=470"},"modified":"2014-07-03T15:51:30","modified_gmt":"2014-07-03T13:51:30","slug":"curriculum-vitae-english","status":"publish","type":"page","link":"https:\/\/hulsmanfoundation.org\/nl\/curriculum-vitae\/curriculum-vitae-english\/","title":{"rendered":"Curriculum Vitae"},"content":{"rendered":"<p>1923 Louk (Lodewijk, Henri, Christiaan)Hulsman, born 8 march 1923 at Kerkrade, Netherlands.<br \/>\n1936 Gymnasium Alfa partly at Rolduc and<br \/>\n1939 partly at the Franciscaner Gymnasium at Heerlen.<br \/>\n1943 became part of the resistance group at Heerlen.<br \/>\n1944 (May) arrested and imprisoned in concentration camp Amersfoort.<br \/>\n1944 (September) escaped from a transport train to Germany.<br \/>\n1945 (April) Hidden with a family at the Veluwe.<br \/>\n1945 (August) in service with the Shock Troops.<br \/>\n1945 Studies Dutch Law at the Leiden University.<br \/>\n1948 Finishes studying Dutch Law at Leiden University.<br \/>\n1948-1949 active at the Institute of Criminology, University of Leiden ( van Bemmelen).<br \/>\n1949 active at the juridical department of the Ministry of Defence.<br \/>\n1951 member of the Committee of the European Defence Community, sent to Paris.<br \/>\n1955 -1980 active at the Ministry of Justice in various roles:<br \/>\nAt first the department of constitutional and penal law (organisation Public Office);<br \/>\nLater as council adviser of the department Legislation;<br \/>\nLater as council adviser in extraordinary service<br \/>\nAmongst other activities working on various Benelux regulations.<br \/>\nCommittee on Penal affairs; delegated as representative to the council of Europe.<br \/>\n1964 -1986 Appointed Professor of Penal Law and Criminology at the N.E.H., Rotterdam, to construct a new juridical faculty. Goal: to come to a new form of juridical education, strongly interwoven with other disciplines like Sociology, Psychology and Economics.<br \/>\n1969-1970 Dean, Juridical faculty.<br \/>\nRealisation of the new form of academic, juridical education program, where research and a high measure of equality in involvement between professors, academic associates and students is realised.<br \/>\n1968-1972 Chairman group Criminal Justice, to come to a definition of the role of lawyers defending their clients in penal law.<br \/>\n1965-1975 Member of the curatorium of the Police Academy.<br \/>\nTeaching courses measuring punishment to judges, with an emphasis on empirical knowledge.<br \/>\n1965 -1975 Chairman of the Catholic Rehabilitation Association; development of empirically grounded perspective for a professional role for rehabilitation in criminal justice.<br \/>\n1966 Chairman Committee on the role of rehabilitation.<br \/>\n1970- Chairman Coornhertliga, (reform of criminal justice)<br \/>\n2004- Chairman of the Foundation of Human Rights at Dordrecht<\/p>\n<p>1965 till his death, (honorary) board membership of various international organisations:<\/p>\n<p>Association International de Droit Penal<br \/>\nOrganisation D\u00e9fense Social<br \/>\nSoci\u00e9t\u00e9 International de Criminologie<\/p>\n<p>Active member of the following organisations:<br \/>\nICOPA (International Conference On Penal Abolition)<br \/>\nSoci\u00e9t\u00e9 International de Victimologie<br \/>\nGroup Europ\u00e9enne pour la Recherche de la Normativit\u00e9, GERN<br \/>\nEuropean Group for the Study of Deviance and Social Control (Critical Criminologists)<\/p>\n<p>Participant and co-organiser of activities developed and organised by these organisations, including congresses and conferences.<\/p>\n<p>The various fields of attention that have played a major role in national and international activities, from the area of education and existing international contacts:<\/p>\n<p>Drugs, drug legislation (\u2018ruimte in het drugbeleid\u2019, rapport werkgroep van Dijk\/Hulsman 1971.<br \/>\nVictimology<br \/>\nDecriminalising (committee Council of Europe)<br \/>\nRights of indigenous people (example: Chairman Russell Tribunal, Rotterdam 1980, tutoring of a thesis on South American Indians)<br \/>\nAbolitionism (Peines Perdues, Hulsman\/Celis, 1982, translated in Italian, Dutch, Greek and Spanish)<\/p>\n<p>Exchange programs with universities for visiting lectureships and more:<br \/>\nUniversit\u00e9 de Montreal<br \/>\nUniversity of Ottawa<br \/>\nUniversity of Minnesota<\/p>\n<p>After retirement pension:<br \/>\nVarious universities in South America (like Brazil and Argentina)<\/p>\n<p>Educational activities:<br \/>\n1974 realisation of the Common Study Program of Critical Criminology<br \/>\nIt is still active and Louk has participated till his death.<\/p>\n<p>The heart of Louk Hulsman\u2019s work is his effort to change the way of thinking about penal law and criminology and all the connected areas of science involved. His views on juridical education were shaped from a wide variety of empirical research and favour a multi disciplinary approach. He has influenced many, never to accept at face value the way all aspects of the criminal justice system are presented, but to thoroughly research what is really there. Humanization of penal law has always been his main interest and has been the core of his life long activities, be it that those originated from the many committees he has chaired, from his work on legislation at the department of justice or the educational activities that he participated in around the world. He has had a major role in the reform of penal law on a national and international level, as a member of the committee under the ministry of justice (representative to the Council of Europe), and as a member of the committee on fines that served as an alternative to prison sentences; the committee on alternative punishment, the committee on preventive custody, and the committee on decriminalization. Conferences or congresses lead to new understanding and new papers that he wrote on these subjects. Until the last moment of his life, at an age of 85, he kept developing and stayed connected to penal law reform in the abolitionist form, the abolishment of it, visible in the many conferences, seminars, guest lectures that he was invited to because of his views. Below you will find a list of his activities in the year 2007 when he was 84 years old. The many places he was invited to and worked in this year give an example of his dedication to humanization.<\/p>\n<p><span style=\"text-decoration: underline;\">Program 2007<\/span><br \/>\nJanuary 2007: lecture University Hamburg, Germany.<br \/>\nMarch 2007, Rome, Italy, discussions with members of Italian parliament, representatives of various action groups, and representatives of various universities, about criminal policy.<br \/>\nPadua, Italy, workshop on penal law abolitionism for postdoctoral students.<br \/>\nApril 2007, Congress Toscany, Italy, lecture on deprivation of liberty, organisation LAPIS in cooperation with magistrates.<br \/>\nParticipant congress Free University Brussels, Belgium.<br \/>\nMay 2007: Dubrovnik, lectures on Victimology.<br \/>\nJune 2007: Istanbul, Turkey, lecture for a police congress.<br \/>\nLausanne, Switzerland interlabo (International workshop), elements of sentencing, combined with a meeting of D\u00e9viance et Soci\u00e9t\u00e9.<br \/>\nJuly 2007: Hamburg, member promotion committee doctorate.<br \/>\nLille, France, Congress University, lecture on drug policy.<br \/>\nAugust 2007: European Group, participant, congress Willem Pompe Institute, Utrecht, Netherlands.<br \/>\nSeptember 2007:<br \/>\nGuest lectures university Buenos Aires, Plata del mar and Voto, Argentine.<br \/>\nSymposium Buenos Aires, Argentine, lecture.<br \/>\nToledo, Spain, participant Congress Defense Social<br \/>\nOctober 2007 Paris, France, interlabo en meeting Deviance et Soci\u00e9t\u00e9.<br \/>\nOttawa, Canada, guest lectures: Une tache pour la criminologie<br \/>\nBogota, Colombia, guest lectures University of Colombia,<br \/>\ntutoring a thesis on Wayou, indians.<br \/>\nNovember 2007 Montreal, Canada, interlabo en conference Deviance et Soci\u00e9t\u00e9.<\/p>\n<p>All through this year at various dates he gave lectures at the Academia Vitae at Deventer, Netherlands.<\/p>\n<p><span style=\"text-decoration: underline;\">Literature<br \/>\n<\/span>Dutch:<br \/>\nHulsman, L.H.C. , Handhaving van Recht, Kluwer, Deventer\/Antwerpen 1965.<br \/>\nHulsman, L.H.C., Strafrecht en Gerechtigheid, Te Elfder Ure, 1965.<br \/>\nHulsman, L.H.C., De Gratie, kanttekeningen vanuit strafrechtelijk oogpunt, Preadvies voor de Rechtskundige afdeling van het Thijmgenootschap, Nijmegen, 1966.<\/p>\n<p>HULSMAN (1966)<br \/>\nL.H.C. Hulsman, Dient het Wetboek van Strafrecht bepalingen te bevatten betreffende<br \/>\nhet daderschap en de strafrechtelijke aansprakelijkheid van andere dan natuurlijke personen?, preadvies NJV, Handelingen der Nederlandse Juristen-Vereniging 1966, I, tweede stuk, Zwolle 1966<\/p>\n<p>Hulsman, L.H.C., \u2018Onbehagen over het recht\u2019, De Gids, 130 (1967), 9\/10.<\/p>\n<p>Hulsman, L.H.C., \u2018Provo and the maintenance of public order\u2019, Delta, 10, 3 (herfst 1967).<\/p>\n<p>1969 L.H.C. Hulsman: Gedachten over hervorming van het strafrecht<\/p>\n<p>Heeft het strafrecht nog zin? \/ schrijvers: L.H.C. Hulsman &#8230; [et al.]. &#8211; [Nijmegen] : Criminologisch Dispuut Dr. Nico Muller, [1969]<\/p>\n<p>DIJK (W.K.), Hulsman (L.H.C.), Drugs in Nederland, Bussum, Paul Brand,<br \/>\n1970,<\/p>\n<p>Auteur: Bianchi, H. Esser, P.H. Buikhuisen, W. Ensched\u00e9, Ch.J. Griep, D.J. Wal, H.J. van der Polak, M. Hulsman, L.H.C. Ooijen, D. van Agt, A.A.M. van Franken, H. Blom, K. &amp; Cremers, H.Th.P. Bibliotheeknummer: 821122 a+b ST<br \/>\nTitel: Alcohol en wegverkeer : feiten en meningen aan de orde gesteld op het congres &#8220;alcohol en wegverkeer&#8221;, gehouden op 13 en 14 maart 1970 te Amsterdam + congresmap. Bron: Baarn, Bosch &amp; Keuning \/ In den Toren, 1970.; Anthos-boek &#8211; ISBN 90-6074-431-4<\/p>\n<p>L.H.C. Hulsman, \u2019Reclassering en strafrecht\u2019, Menswetenschappen (Amsterdam 1971)<\/p>\n<p>Commissie Hulsman (1971). Ruimte in het drugbeleid \u2013 Rapport van een werkgroep van de stichting Algemeen Centraal Bureau voor de Geestelijke Volksgezondheid. Meppel: Boom<br \/>\nHulsman, L.H.C., \u2018Criminal justice in the Netherlands\u2019 Delta, 16, 4 (winter 1973-1974).<\/p>\n<p>HULSMAN L.H.C. Overwegingen bij het onderwerp: &#8216;democratisering van de rechtsspraak&#8217; in: DOORN W.G.J. van &amp; PUTTEN J. van, Democratie: Mogelijkheden en suggesties Staatsuitgeverij, &#8216;s-Gravenhage, 1980.<\/p>\n<p>HULSMAN (1981)<br \/>\nL.H.C. Hulsman, Waarover beslist men eigenlijk in het strafrechtelijk systeem?, in: A.J. Bins e.a., Beginselen \u2212 opstellen over strafrecht aangeboden aan G.E.Mulder, Arnhem 1981.<\/p>\n<p>Hulsman, L. H. C., &#8220;Kriminele politiek en (strafrechtelijke) zedelijkheidswetgeving&#8221; (Criminal politics and punishable morality legislation) In: Bij deze stand van zaken. Bundel opstellen aangeboden aan A. L. Melai. Arnhem: Gouda Quint, 1983.<\/p>\n<p>Hulsman &amp; De Mulder (1986)Hulsman, L.H.C. &amp; R.V. de Mulder, Straftoemeting volgens Hulsman, een juridisch computer-adviessysteem, JURICAS serie B deel 3, Lelystad:Koninklijke Vermande 1986<\/p>\n<p>HULSMAN L.H.C., (1986), in Het blauwe recht. Op weg naar een<br \/>\nBeroepscode voor de politie, Vermande, Lelystad.<\/p>\n<p>HULSMAN L.H.C, (1998), \u201cVier jaren paars in de justitie-sector\u201d, in<br \/>\nCoornhertliga (ed), Crimineel jaarboek 1998, Nijmegen, Ars Aequi<br \/>\nLibri.<\/p>\n<p>Abolitionismus als Strafrechtstheorie,Gouda Quint. 1996 (Summary in<br \/>\nEnglish: Abolitionism as Penal Law Theory. Theoretical Reflections on<br \/>\nL.H. C. Hulsman\u2019s Abolitionism)<\/p>\n<p>English:<br \/>\nHULSMAN L.H.C, (1972), Strategies of Changing Legal Systems, in<br \/>\n\u201cSymposium of the Research Committee on Sociology of Law\u201d, I.S.A.<\/p>\n<p>Proceedings.<\/p>\n<p>HULSMAN L.H.C, (1973), The Decriminalization, in Transactions of<br \/>\nColloquium of Bellagio, General Report of the International Association<br \/>\nof Penal Law.<\/p>\n<p>Hulsman, L.H.C., \u2018Criminal justice in the Netherlands\u2019 Delta, 16, 4 (winter 1973-1974).<\/p>\n<p>HULSMAN L.H.C, (1974), \u201cThe Penal System as a Social Problem\u201d, in<br \/>\nIssues and Answers, The Rural Crime and Justice Institute, Collegeville,<br \/>\nMinnesota.<\/p>\n<p>HULSMAN L.H.C, (1977), Penal and Penitentiary Aspects of Road Traffic,<br \/>\nGeneral Report for the Fourth International Colloquium of the<br \/>\nInternational Penal and Penitentiary Foundation, Proceedings of the<br \/>\nFourth International Colloquium of the IPPF, Rotterdam, June 1977.<\/p>\n<p>HULSMAN L.H.C, (1977), Violence as a Challenge to Modern Society,<br \/>\nInstitut universitaire international, Luxembourg.<\/p>\n<p>Hulsman, L. H. C. 1978, &#8216;The Dutch Criminal Justice System From A Comparative Legal Perspective&#8217;, in Introduction To Dutch Law For Foreign Lawyers, Kluwer-Deventer,<\/p>\n<p>HULSMAN L.H.C, (1979), together with others, \u201cThe Causes and<br \/>\nManifestations of Recent Trends in Juvenile Delinquency \u2212 Their<br \/>\nImpact on Policies of Prevention, Treatment and Rehabilitation of<br \/>\nOffenders\u201d, in New Approaches in the Treatment of Young Offenders.<br \/>\nEuropean Social Development Program, New York, UN.<\/p>\n<p>HULSMAN L.H.C, (1979), An Abolitionist Perspective on Criminal Justice<br \/>\nSystems and a Scheme to Organise Approaches to \u2018Problematic<br \/>\nSituations\u2019, Colloque international pour le 50\u00e8me anniversaire de<br \/>\nl\u2019Ecole de criminologie de Louvain, 22-26 mai 1979.<\/p>\n<p>HULSMAN L.H.C, (1980), together with others, Report on<br \/>\nDecriminalisation, Council of Europe, Strasbourg.<\/p>\n<p>HULSMAN L.H.C, (1981), \u201cPenal Reform in the Netherlands. Part 1 \u2212<br \/>\nBringing the Criminal Justice System under Control\u201d, in The Howard<br \/>\nJournal of Penology and Crime Prevention, 20 , 3, pp. 150-159.<\/p>\n<p>HULSMAN L.H.C, (1982), \u201cPenal Reform in the Netherlands. Part 2 \u2212<br \/>\nCriteria for Deciding on Alternatives to Imprisonment\u201d, in The Howard<br \/>\nJournal of Penology and Crime Prevention, 21, 1, pp. 35-47.<\/p>\n<p>HULSMAN L.H.C., (1983), On the Relation between Social Control inside<br \/>\nand outside Criminal Justice, Report at the International Congress on<br \/>\nCriminology, Wien, 1983.<\/p>\n<p>HULSMAN L.H.C., (1984), Sexual Behaviour and Attitudes and their<br \/>\nImplications for Criminal Law, Fifteenth Criminological Research<br \/>\nConference of the Council of Europe (22-25 Nov.1982). General Report<br \/>\nand Conclusions, Proceedings of the Conference, Council of Europe,<br \/>\nStrassbourg.<\/p>\n<p>HULSMAN L.H.C, (1984), together with others, Toward a Victim Policy in<br \/>\nEurope HEUNI publications,series 2, Helsinki pp. 1-14 and pp. 224-<br \/>\n227.<\/p>\n<p>HULSMAN L.H.C, (1984), together with others, Report on the Discussions<br \/>\nand Proposed Resolutions, Actes du Colloque international de<br \/>\nl\u2019A.I.D.P. (Tokyo 1984), Revue internationale de droit p\u00e9nal, 54, 3,<br \/>\n\u201cD\u00e9judiciarisation et m\u00e9diation\u201d.<\/p>\n<p>HULSMAN L.H.C, (1985), \u201cConflicts as Property: Fear of Crime, Criminal<br \/>\nJustice and the Caring Community, in J.A.Y<br \/>\nODER(ed), Support Networks in a Caring Community, Dordrecht, Martinus Nijhof.<\/p>\n<p>HULSMAN L.H.C., (1985), Critical Criminology and the Concept of Crime,<br \/>\nin International Conference on Prison Abolition, Amsterdam, 24-27<br \/>\nJune 1985, V, 37, pp. 37-58.<\/p>\n<p>HULSMAN L.H.C, (1986), \u201cCritical Criminology and the Concept of<br \/>\nCrime\u201d, in Contemporary Crisis,10, pp. 63-80.<\/p>\n<p>HULSMAN L.H.C, (1986), \u201cCritical Criminology and the Concepts of<br \/>\nCrime\u201d, in H. BIANCHI and R. VAN SWAANINGEN (eds), Towards a Non<br \/>\nRepressive Approach to Crime, Amsterdam .<\/p>\n<p>HULSMAN L.H.C, (1989), \u201cThe Right of the Victim not to be subordinated<br \/>\nto the Dynamics of Criminal Justice\u201d, in Z.P. SEPAROVIC(ed),<br \/>\nVictimology, International Action and Study of the Victims, Zagreb. vol.<br \/>\n1, pp. 25-35.<\/p>\n<p>HULSMAN L.H.C, (1991), \u201cThe Abolitionist Case: Alternative Crime<br \/>\nPolicies\u201d, in Israel Law Review, 25, 3-4, Summer-Autumn, pp 681-709.<\/p>\n<p>HULSMAN L.H.C, (1996), in a discussion with others, (Cayley David i.a.) in<br \/>\na program series of the Canadian broadcasting corporation \u201cTo Hurt or to Heal? Ideas on Prison<br \/>\nand its Alternatives\u201d, The Canadian Broadcasting Corporation (CBC<br \/>\nRadio-P.O. Box 500 Station A-Toronto, Ontario) pp.1-99.<\/p>\n<p>HULSMAN L.H.C, (1998), \u201cStruggles about Terminology: \u2018Problematic<br \/>\nSituation\u2019 versus Crime\u201d, in YVES CARTUYVELS, FRAN\u00c7OISE DIGNEFFE, PIRES ALVARO, ROBERT PHILIPPE(eds), Politique,police et<br \/>\njustice au bord du futur. M\u00e9langes pour et avec Lode van Outrive, pp.<br \/>\n45-56 , Paris et Montreal, l\u2019Harmattan.<\/p>\n<p>Fran\u00e7ais:<br \/>\nHULSMAN, L. H. C., (1979), \u00ab Un paradigme criminologique abolitionniste et la recherche sur la cat\u00e9gorie du crime \u00bb, dans Le Fonctionnement de la justice p\u00e9nale, Paris, \u00c9ditions du C.F.R.S. (orig. 1977)<\/p>\n<p>HULSMAN L.H.C., (1970), \u201cLe choix de la sanction p\u00e9nale\u201d, in Revue de<br \/>\nscience criminelle et de droit p\u00e9nal compar\u00e9, 25, 3, pp. 497-545.<\/p>\n<p>Hulsman, Rico, Rizkalla : Fonctions et t\u00e2ches de la police. Presses de l\u2019Universit\u00e9 de Montr\u00e9al, 1974<\/p>\n<p>HULSMAN L.H.C., (1975), \u201cD\u00e9fense sociale nouvelle et crit\u00e8res de<br \/>\nd\u00e9criminalisation\u201d, in Aspects nouveaux de la pens\u00e9e juridique \u2013<br \/>\nRecueil d\u2019\u00e9tudes en hommage \u00e0 Marc Ancel, Paris, Pedone, pp. 20-35.<\/p>\n<p>HULSMAN L.H.C, (1975), \u201cD\u00e9fense sociale nouvelle et crit\u00e8res de<br \/>\nd\u00e9criminalisation\u201d, in Aspects nouveaux de la pens\u00e9e juridique \u2013<br \/>\nRecueil d\u2019\u00e9tudes en hommage \u00e0 Marc Ancel, II, Paris, Pedone, pp. 19-<br \/>\n33.<\/p>\n<p>HULSMAN L.H.C., (1977), \u201cL\u2019\u00e9volution de la peine de l\u2019emprisonnement<br \/>\naux Pays Bas\u201d, in Revue de droit p\u00e9nal et de criminologie, 57, pp.865-<br \/>\n879 (sept 1977).<\/p>\n<p>HULSMAN L.H.C., (1978), \u201cTrafic routier et syst\u00e8me p\u00e9nal. Quelques<br \/>\nr\u00e9flections de politique criminelle\u201d, in Revue de science criminelle et de<br \/>\ndroit p\u00e9nal compar\u00e9 (numero sp\u00e9cial Les infractions routi\u00e8res), 33, 2,<br \/>\npp. 237-262 .<\/p>\n<p>HULSMAN L.H.C., (1979), \u201cUn paradigme \u2018criminologique\u2019 abolitionniste<br \/>\net la recherche sur la cat\u00e9gorie du crime\u201d, in Le fonctionnement de la<br \/>\njustice p\u00e9nale, Editions du Centre National de la Recerche Scientifique,<br \/>\nParis, pp. 485-500.<\/p>\n<p>HULSMAN L.H.C., (1979), \u201cUn paradigme criminologique abolitionniste et<br \/>\nla recherche sur la cat\u00e9gorie du crime\u201d, in DAVIDOVITCH A. (ed),<br \/>\nConnaissance et fonctionnement de la justice p\u00e9nale: perspectives<br \/>\nsociologiques et criminologiques, Paris, C.N.R.S., pp 485-498.<\/p>\n<p>HULSMAN L.H.C., (1980), version fran\u00e7aise du Rapport sur la<br \/>\nd\u00e9criminalisation du Conseil de l\u2019Europe (voir ci-dessus dans la liste<br \/>\nanglaise).<\/p>\n<p>HULSMAN L.H.C., (1981), \u201cUne perspective abolitionniste du syst\u00e8me de la justice p\u00e9nale et un sch\u00e9ma d\u2019approche des situations probl\u00e9matiques\u201d,<br \/>\nin C. Debuyst (ed) Dangerosit\u00e9 et Justice p\u00e9nale, ambiguit\u00e9 d\u2019une<br \/>\npratique, Paris, Gen\u00e8ve, Masson, M\u00e9decine et Hygi\u00e8ne.<\/p>\n<p>HULSMAN L.H.C., (1982), avec BERNAT DE CELIS J., Peines perdues. Le<br \/>\nsyst\u00e8me p\u00e9nal en question, Paris, Le Centurion.<\/p>\n<p>HULSMAN L.H.C., (1984), avec HILDE VAN RANSBEEK<br \/>\n, \u201cEvaluation critique de la politique des drogues\u201d, dans D\u00e9viance et soci\u00e9t\u00e9,7, p. 271.<\/p>\n<p>HULSMAN L.H.C., (1984) and others, Rapports pour la Quinzi\u00e8me<br \/>\nConf\u00e9rence criminologique du Conseil de l\u2019Europe. Version fran\u00e7aise<br \/>\n(pour les d\u00e9tails voir ci-dessus dans la liste anglaise).<\/p>\n<p>HULSMAN L.H.C., (1984), \u201cPlanification et politique criminelle, aspects<br \/>\ng\u00e9n\u00e9raux\u201d, in ANCEL MARC et KOUDRIAVTSEV(eds), La planification<br \/>\ndes mesures de lutte contre la d\u00e9linquence, Paris, A.Pedone , pp.43-63.<\/p>\n<p>HULSMAN L.H.C., (1984), avec BERNAT DE C\u00c9LIS J., \u201cFondements et<br \/>\nenjeux de la th\u00e9orie de l\u2019abolition de syst\u00e8me p\u00e9nal\u201d, in Revue de<br \/>\nl\u2019Universit\u00e9 de Bruxelles, Editions de l\u2019Universite de Bruxelles, pp 297-<br \/>\n317.<\/p>\n<p>HULSMAN L.H.C., (1990), \u201cR\u00e9ponse \u00e0 Maurice Cusson\u201d, in D\u00e9viance et<br \/>\nsoci\u00e9t\u00e9, 14, 3, p. 325.<\/p>\n<p>FAUGERON C. ET HULSMAN L.H.C., (1996), \u201cLe d\u00e9veloppement de la<br \/>\ncriminologie au sein du Conseil de l\u2019Europe: \u00e9tat et perspectives\u201d, in<br \/>\nTULKENS F. et BOSLEY<br \/>\nH. (eds), La justice p\u00e9nale en Europe, Bruxelles,<br \/>\np 29 et suiv.<\/p>\n<p>Quelques publications dans d\u2019autres langues (liste incompl\u00e8te):<br \/>\nHULSMAN L.H.C., (1983), \u201cAbolire il sistema penale?\u201d (Intervista a \u2026 con<br \/>\nla partecipazione di Lolita Aniyar De Castro, Alessandro Baratta, Pio<br \/>\nMarconi, Realino Marra, Massimo Pavarini), in Dei delitti e delle pene,<br \/>\n1, pp. 71-89.<\/p>\n<p>HULSMAN L.H.C., BERNAT DE CELIS J., POLITOFFS., (1984), Sistema<br \/>\npenal y seguridad ciudadana, Barcelona, Ariel.<\/p>\n<p>HULSMAN L.H.C., (1984), La politica de drogas: Fuente de problemas y<br \/>\nvehiculo de colonizaci\u00f3n y represi\u00f3n, en Trigesimo quinto courso<br \/>\ninternational de criminologia (soci\u00e9t\u00e9 internationale de criminologie)<br \/>\nProceedings, Quito.<\/p>\n<p>HULSMAN L.H.C., (1993), \u201cEl enfoque abolitionista: politicas criminals<br \/>\nalternatives\u201d, en Criminologia critica y control social. El poder punitivo<br \/>\ndel Estado, Rosario, Editorial Juris.<\/p>\n<p>HULSMAN L.H.C., (1993), BERNAT DE CELIS J., KARAN MARIA LUCIA<br \/>\n,Penas Perdidas,O Sistema Penal em Questao, Luam, Niteroii.<\/p>\n<p>HULSMAN L.H.C., (march 1996), \u201cPrevencion del delito y nuevas formas<br \/>\nde justicia\u201d, Quadernos d\u2019estudis I documentacio, Barcelona.<\/p>\n<p>HULSMAN L.H.C., (1997), trad. Alejandra Vallespir, Pensar en clave<br \/>\nabolicionista, Cinap (Centro universitario de la carcel de Caseros),<br \/>\nBuenos Aires.<\/p>\n<p>HULSMAN L.H.C., (1997), \u201cTemas e conceitos numa abordagem<br \/>\nabolicionista da justica criminal\u201d, en EDSON PASSETTI et ROBERT DA<br \/>\nSILVA(eds.) Conversacoes Abolicionistas, uma critica do sistema penal<br \/>\ne da sociedade punitiva, Publicao do Instituto brasileiro de Ciencias<br \/>\nCriminais, Sao Paulo.<\/p>\n<p>HULSMAN L.H.C., (2002), \u201cAlternative alla giustizia criminale\u201d, in<br \/>\nRAFFAELE DE GIORGI(ed), Il diritto e la differenza, Scritti in onore di<br \/>\nAlessandro Baratta, Lecce, Vol. 2, pp 249-274.<\/p>\n","protected":false},"excerpt":{"rendered":"<p>1923 Louk (Lodewijk, Henri, Christiaan)Hulsman, born 8 march 1923 at Kerkrade, Netherlands. 1936 Gymnasium Alfa partly at Rolduc and 1939 partly at the Franciscaner Gymnasium at Heerlen. 1943 became part of the resistance group at Heerlen. 1944 (May) arrested and [&hellip;]<\/p>\n","protected":false},"author":3,"featured_media":0,"parent":41,"menu_order":0,"comment_status":"open","ping_status":"open","template":"","meta":{"footnotes":""},"class_list":["post-470","page","type-page","status-publish","hentry"],"_links":{"self":[{"href":"https:\/\/hulsmanfoundation.org\/nl\/wp-json\/wp\/v2\/pages\/470","targetHints":{"allow":["GET"]}}],"collection":[{"href":"https:\/\/hulsmanfoundation.org\/nl\/wp-json\/wp\/v2\/pages"}],"about":[{"href":"https:\/\/hulsmanfoundation.org\/nl\/wp-json\/wp\/v2\/types\/page"}],"author":[{"embeddable":true,"href":"https:\/\/hulsmanfoundation.org\/nl\/wp-json\/wp\/v2\/users\/3"}],"replies":[{"embeddable":true,"href":"https:\/\/hulsmanfoundation.org\/nl\/wp-json\/wp\/v2\/comments?post=470"}],"version-history":[{"count":1,"href":"https:\/\/hulsmanfoundation.org\/nl\/wp-json\/wp\/v2\/pages\/470\/revisions"}],"predecessor-version":[{"id":471,"href":"https:\/\/hulsmanfoundation.org\/nl\/wp-json\/wp\/v2\/pages\/470\/revisions\/471"}],"up":[{"embeddable":true,"href":"https:\/\/hulsmanfoundation.org\/nl\/wp-json\/wp\/v2\/pages\/41"}],"wp:attachment":[{"href":"https:\/\/hulsmanfoundation.org\/nl\/wp-json\/wp\/v2\/media?parent=470"}],"curies":[{"name":"wp","href":"https:\/\/api.w.org\/{rel}","templated":true}]}}