{"id":81,"date":"2014-06-03T11:01:46","date_gmt":"2014-06-03T09:01:46","guid":{"rendered":"https:\/\/hulsmanfoundation.org\/?page_id=81"},"modified":"2014-06-03T13:18:57","modified_gmt":"2014-06-03T11:18:57","slug":"links","status":"publish","type":"page","link":"https:\/\/hulsmanfoundation.org\/nl\/links\/","title":{"rendered":"Links"},"content":{"rendered":"<h2>Links to organisations connected to Louk&#8217;s work:<\/h2>\n<p><strong><a href=\"http:\/\/www.europeangroup.org\/\">European Group<\/a><\/strong><br \/>\nfor the Study of Deviance and Social Control.<\/p>\n<p><strong><a href=\"http:\/\/www.gern-cnrs.com\/en\/\">GERN<\/a><\/strong><br \/>\nGroupe Europ\u00e9ene de Recherche sur les normativit\u00e9s.<\/p>\n<p><strong><a href=\"http:\/\/www.defensesociale.org\/home_f.htm\">SiDS<\/a><\/strong><br \/>\nSoci\u00e9t\u00e9 Internationale de Defense Sociale<br \/>\nPour une politique criminelle Humaniste<\/p>\n<p><strong><a href=\"http:\/\/www.defensesociale.org\/home_f.htm\">iSSD<\/a><\/strong><br \/>\ninternational Society of Social Defence<br \/>\nand humane criminal policy<\/p>\n<p><strong><a href=\"http:\/\/www.nu-sol.org\/\">Nu-sol<\/a><\/strong><br \/>\nN\u00facleo de sociabilidade libertaria<br \/>\nprogramma de estudos p\u00f3s graduados em ci\u00eancias sociais.<\/p>\n<p><strong><a href=\"http:\/\/www.elagora.org.ar\/\">El Agora<\/a><\/strong><br \/>\nAsociaci\u00f3n civil sin fines de lucro.<br \/>\nseguridad humana<br \/>\nVolver al agora para asociarnos y actuar.<\/p>\n<p>International Society of Victimology<br \/>\n<strong><a href=\"http:\/\/www.tilburguniversity.edu\/research\/institutes-and-research-groups\/intervict\/\">www.victimology.nl<\/a><\/strong><\/p>\n<p>Soci\u00e9t\u00e9 International de Criminologie<br \/>\npagesperso-orange.fr\/societe.internationale.de.criminologie\/<br \/>\nInternational Society for Criminology<br \/>\npagesperso-orange.fr\/societe.internationale.de.criminologie\/lasociete\/sic_ang.htm<\/p>\n<p><strong><a href=\"http:\/\/www.howardleague.org\/index.php?id=555\">The Howard League<\/a><\/strong><br \/>\nfor Penal Reform.<\/p>\n<p><strong><a href=\"http:\/\/www.justiceaction.org.au\/cms\/\">Justice Action<\/a><\/strong><br \/>\nThe degree of civilazation in a society can be judged by entering it&#8217;s prisons &#8211; Dostoevski.<\/p>\n","protected":false},"excerpt":{"rendered":"<p>Links to organisations connected to Louk&#8217;s work: European Group for the Study of Deviance and Social Control. GERN Groupe Europ\u00e9ene de Recherche sur les normativit\u00e9s. SiDS Soci\u00e9t\u00e9 Internationale de Defense Sociale Pour une politique criminelle Humaniste iSSD international Society of [&hellip;]<\/p>\n","protected":false},"author":1,"featured_media":0,"parent":0,"menu_order":0,"comment_status":"open","ping_status":"open","template":"","meta":{"footnotes":""},"class_list":["post-81","page","type-page","status-publish","hentry"],"_links":{"self":[{"href":"https:\/\/hulsmanfoundation.org\/nl\/wp-json\/wp\/v2\/pages\/81","targetHints":{"allow":["GET"]}}],"collection":[{"href":"https:\/\/hulsmanfoundation.org\/nl\/wp-json\/wp\/v2\/pages"}],"about":[{"href":"https:\/\/hulsmanfoundation.org\/nl\/wp-json\/wp\/v2\/types\/page"}],"author":[{"embeddable":true,"href":"https:\/\/hulsmanfoundation.org\/nl\/wp-json\/wp\/v2\/users\/1"}],"replies":[{"embeddable":true,"href":"https:\/\/hulsmanfoundation.org\/nl\/wp-json\/wp\/v2\/comments?post=81"}],"version-history":[{"count":4,"href":"https:\/\/hulsmanfoundation.org\/nl\/wp-json\/wp\/v2\/pages\/81\/revisions"}],"predecessor-version":[{"id":224,"href":"https:\/\/hulsmanfoundation.org\/nl\/wp-json\/wp\/v2\/pages\/81\/revisions\/224"}],"wp:attachment":[{"href":"https:\/\/hulsmanfoundation.org\/nl\/wp-json\/wp\/v2\/media?parent=81"}],"curies":[{"name":"wp","href":"https:\/\/api.w.org\/{rel}","templated":true}]}}